{"id":296,"date":"2012-12-11T13:17:50","date_gmt":"2012-12-11T11:17:50","guid":{"rendered":"http:\/\/192.168.0.26\/eurex\/cms\/?page_id=296"},"modified":"2022-03-30T16:54:53","modified_gmt":"2022-03-30T13:54:53","slug":"offices","status":"publish","type":"page","link":"https:\/\/www.valutas.lv\/en\/contact\/offices\/","title":{"rendered":"Offices in Estonia"},"content":{"rendered":"<p><strong>Head Office<\/strong><br \/>\nTornim\u00e4e Business Center<br \/>\nAddress: Tornim\u00e4e 5, Tallinn 10145<br \/>\nOpen: Closed<\/p>\n<p>Home page: <a href=\"http:\/\/www.eurex.ee\/en\/\" target=\"_blank\" rel=\"noopener noreferrer\">www.eurex.ee<\/a><\/p>\n<p><strong>Viru Keskus Office<\/strong><br \/>\nShopping Center Viru Keskus<br \/>\nAddress: Viru v\u00e4ljak 4, Tallinn 10111<br \/>\nOpen: M-Fri 10:00-20:00 Sat-Sun 10:00-18:00<\/p>\n<p><strong>Lasnam\u00e4e Office<\/strong><br \/>\nShopping Center Lasnam\u00e4e Centrum<br \/>\nAddress: Mustakivi tee 13, Tallinn 13912<br \/>\nOpen: M-Fri 10:00-20:00; Sat 10:00-18:00; S- Closed<\/p>\n<p><strong>P\u00e4rnu Office<\/strong><br \/>\nShopping Center Kaubamajakas<br \/>\nAddress: Papiniidu 8\/10, 80042 P\u00e4rnu<br \/>\nOpen: M-Fri 10:00-19:00\u00a0 Sat 11:00-17:00 Sun- Closed<\/p>\n<p><strong>Change IT office in airport<\/strong><br \/>\nTallinn Airport<br \/>\nAddress: Tartu mnt 101, Tallinn 11101<br \/>\nOpen: according to flight schedule<\/p>\n","protected":false},"excerpt":{"rendered":"<p>Head Office Tornim\u00e4e Business Center Address: Tornim\u00e4e 5, Tallinn 10145 Open: Closed Home page: www.eurex.ee Viru Keskus Office Shopping Center Viru Keskus Address: Viru v\u00e4ljak 4, Tallinn 10111 Open: M-Fri 10:00-20:00 Sat-Sun 10:00-18:00 Lasnam\u00e4e Office Shopping Center Lasnam\u00e4e Centrum Address: Mustakivi tee 13, Tallinn 13912 Open: M-Fri 10:00-20:00; Sat 10:00-18:00; S- Closed P\u00e4rnu Office Shopping <\/p>\n","protected":false},"author":1,"featured_media":0,"parent":253,"menu_order":2,"comment_status":"closed","ping_status":"closed","template":"page-oi_office.php","meta":{"footnotes":""},"class_list":["post-296","page","type-page","status-publish","hentry"],"_links":{"self":[{"href":"https:\/\/www.valutas.lv\/en\/wp-json\/wp\/v2\/pages\/296","targetHints":{"allow":["GET"]}}],"collection":[{"href":"https:\/\/www.valutas.lv\/en\/wp-json\/wp\/v2\/pages"}],"about":[{"href":"https:\/\/www.valutas.lv\/en\/wp-json\/wp\/v2\/types\/page"}],"author":[{"embeddable":true,"href":"https:\/\/www.valutas.lv\/en\/wp-json\/wp\/v2\/users\/1"}],"replies":[{"embeddable":true,"href":"https:\/\/www.valutas.lv\/en\/wp-json\/wp\/v2\/comments?post=296"}],"version-history":[{"count":33,"href":"https:\/\/www.valutas.lv\/en\/wp-json\/wp\/v2\/pages\/296\/revisions"}],"predecessor-version":[{"id":7546,"href":"https:\/\/www.valutas.lv\/en\/wp-json\/wp\/v2\/pages\/296\/revisions\/7546"}],"up":[{"embeddable":true,"href":"https:\/\/www.valutas.lv\/en\/wp-json\/wp\/v2\/pages\/253"}],"wp:attachment":[{"href":"https:\/\/www.valutas.lv\/en\/wp-json\/wp\/v2\/media?parent=296"}],"curies":[{"name":"wp","href":"https:\/\/api.w.org\/{rel}","templated":true}]}}